{"id":348,"date":"2017-03-15T18:11:23","date_gmt":"2017-03-15T17:11:23","guid":{"rendered":"http:\/\/www.pokerleague.ch\/wp\/?page_id=348"},"modified":"2021-06-22T09:21:56","modified_gmt":"2021-06-22T07:21:56","slug":"rules-poker","status":"publish","type":"page","link":"https:\/\/www.pokerleague.ch\/de\/rules-poker\/","title":{"rendered":"Regeln"},"content":{"rendered":"<strong>Teilnahmebedingungen (Reglement) f\u00fcr die Schweizer Online-Texas-Hold\u2019em-Meisterschaft<\/strong><\/p>\n<ul>\n<li>Sie m\u00fcssen vollj\u00e4hrig im Sinne der Schweizer Gesetze sein (18 Jahre oder mehr).<\/li>\n<li>Sie m\u00fcssen in der Schweiz wohnhaft sein.<\/li>\n<li>Die Turniere sind kostenlose und werden nur \u00fcber das Internet, mittels einer <a href=\"http:\/\/888poker.com\/downloadclient.htm?&amp;lang=DE&amp;sr=176137&amp;DownloadBrand=888poker\" target=\"_blank\" rel=\"noopener\">kostenlosen Onlinepoker-Software<\/a> abgewickelt.<\/li>\n<li>Die Turniere sind f\u00fcr die eingeschriebenen Mitglieder der Schweizer Pokerliga reserviert (<a href=\"http:\/\/www.pokerleague.ch\/play-poker\/\">Schweizer Spielerverzeichnis<\/a>).<\/li>\n<li>Die im Schweizer Spielerverzeichnis gesammelten Daten, werden gem\u00e4\u00df den Schweizer Datenschutzgesetzen gespeichert und verwendet (die Daten werden keinen Dritten \u00fcbermittelt).<\/li>\n<li>Die Zugangscodes (Passwort) zu den Turnieren werden vor Beginn der Turnieren im Schweizer Spielerverzeichnis bekannt gegeben.<\/li>\n<li>Die Qualifikationen finden nicht statt, wenn sich weniger als 10 Teilnehmer eingeschrieben haben. Andernfalls werden sie automatisch gel\u00f6scht. Die maximale Anzahl der Teilnehmer pro Qualifiaktion\/Turnier ist 2000.<\/li>\n<li>Nach jedem Qualifikationsturnier, wird eine Liste der f\u00fcr das Finale qualifizierten Spieler auf Pokerleague.ch bekannt gegeben.<\/li>\n<li>Die Gewinner werden per E-Mail benachrichtigt. Die Teilnehmer die nicht die ben\u00f6tigten Daten (E-Mail) oder deren Daten falsch in das Schweizer Spielerverzeichnis eingetragen sind, werden aus den Gewinnern ausgeschlossen.<\/li>\n<li><a href=\"http:\/\/www.pokerleague.ch\/doc\/points_freerolls.pdf\" target=\"_blank\" rel=\"noopener\">Verteilung der Punkte<\/a>.<\/li>\n<\/ul>\n<p>Die Verwendung der Seite Pokerleague.ch unterliegt der alleinigen und vollen Verantwortung des Benutzers. Pokerleague.ch kann in keinem Falle f\u00fcr direkte oder indirekte Sch\u00e4den, welcher Art diese auch seien, insbesondere an den Daten oder der materiellen oder immateriellen G\u00fcter, die durch die Benutzung oder durch die Unm\u00f6glichkeit der Verwendung der Seite Pokerleague.ch entstehen k\u00f6nnen, verantwortlich gemacht werden.<\/p>\n<p>Pokerleague.ch ist unter keinen Umst\u00e4nden verantwortlich f\u00fcr das Funktionieren der Software sowie der \u00dcbertragung aller Daten oder Informationen \u00fcber das Internet, weder im Falle des teilweisen oder vollen Angriffs auf die Seite, noch im Falle der Sch\u00e4den, die ein solcher Angriff bei dem Benutzer oder bei Dritten verursachen k\u00f6nnte. Alle hochgeladenen und\/oder erhaltenen Daten, welcher Art diese auch seien, sind ab dem Zeitpunkt der Benutzung dem Risikobereich des Benutzers zuzurechnen, Pokerleague.ch kann in keinem Falle verantwortlich gemacht werden f\u00fcr Verluste oder Sch\u00e4den, die der Benutzer aufgrund dieser Tatsache erleidet.<\/p>\n<p>Die Seite Pokerleague.ch kann Hypertext-Links enthalten, die auf die Seiten Dritter verweisen. Der Benutzer verwendet diese Seiten auf seine eigene und alleinige Verantwortung. Pokerleague.ch ist keinesfalls verantwortlich f\u00fcr den Inhalt oder den Bestand der betroffenen Seiten, weder f\u00fcr einen m\u00f6glichen Schaden, direkt oder indirekt, den der Benutzer aufgrund des Besuchs und\/oder der Verwendung der Seiten Dritter die ausgehend von der Seite Pokerleague.ch erreichbar sind.<\/p>\n<p>Alle Streitigkeiten unterliegen dem Schweizer Recht. Gerichtsstand und Erf\u00fcllungsort liegen in Neuch\u00e2tel (Schweiz). Alle Rechtsmittel sind ausgeschlossen.<\/p>\n<div id=\"poker-2136453150\" style=\"width: 970px;height: 250px;\"><div>\r\n    <script type=\"text\/javascript\">\r\n        document.write('<iframe src=\"https:\/\/banners.livepartners.com\/view.php?z=132450\" frameborder=\"0\" marginheight=\"0\" scrolling=\"no\" marginwidth=\"0\" style=\"max-width: none !important; max-height: none !important; width: 970px; height: 250px; position: absolute; border: none; opacity: 1; background-color: transparent;\"><\/iframe>');\r\n    <\/script>\r\n<\/div><\/div>\n<p><script async src=\"https:\/\/pagead2.googlesyndication.com\/pagead\/js\/adsbygoogle.js\"><\/script><br \/>\n<!-- SwissPokerLeague - 2021 --><br \/>\n<ins class=\"adsbygoogle\"\n     style=\"display:block\"\n     data-ad-client=\"ca-pub-5313591913689659\"\n     data-ad-slot=\"4704712676\"\n     data-ad-format=\"auto\"\n     data-full-width-responsive=\"true\"><\/ins><br \/>\n<script>\n     (adsbygoogle = window.adsbygoogle || []).push({});\n<\/script>\n<a class=\"synved-social-button synved-social-button-share synved-social-size-24 synved-social-resolution-normal synved-social-provider-facebook nolightbox\" data-provider=\"facebook\" target=\"_blank\" rel=\"nofollow\" title=\"Share on Facebook\" href=\"https:\/\/www.facebook.com\/sharer.php?u=https%3A%2F%2Fwww.pokerleague.ch%2Fde%2Fwp-json%2Fwp%2Fv2%2Fpages%2F348&#038;t=Regeln&#038;s=100&#038;p&#091;url&#093;=https%3A%2F%2Fwww.pokerleague.ch%2Fde%2Fwp-json%2Fwp%2Fv2%2Fpages%2F348&#038;p&#091;images&#093;&#091;0&#093;=&#038;p&#091;title&#093;=Regeln\" style=\"font-size: 0px;width:24px;height:24px;margin:0;margin-bottom:5px;margin-right:5px\"><img loading=\"lazy\" decoding=\"async\" alt=\"Facebook\" title=\"Share on Facebook\" class=\"synved-share-image synved-social-image synved-social-image-share\" width=\"24\" height=\"24\" style=\"display: inline;width:24px;height:24px;margin: 0;padding: 0;border: none;box-shadow: none\" src=\"https:\/\/www.pokerleague.ch\/wp-content\/plugins\/social-media-feather\/synved-social\/addons\/extra-icons\/image\/social\/clearslate\/24x24\/facebook.png\" \/><\/a><a class=\"synved-social-button synved-social-button-share synved-social-size-24 synved-social-resolution-normal synved-social-provider-twitter nolightbox\" data-provider=\"twitter\" target=\"_blank\" rel=\"nofollow\" title=\"Share on Twitter\" href=\"https:\/\/twitter.com\/intent\/tweet?url=https%3A%2F%2Fwww.pokerleague.ch%2Fde%2Fwp-json%2Fwp%2Fv2%2Fpages%2F348&#038;text=Hey%20check%20this%20out\" style=\"font-size: 0px;width:24px;height:24px;margin:0;margin-bottom:5px;margin-right:5px\"><img loading=\"lazy\" decoding=\"async\" alt=\"twitter\" title=\"Share on Twitter\" class=\"synved-share-image synved-social-image synved-social-image-share\" width=\"24\" height=\"24\" style=\"display: inline;width:24px;height:24px;margin: 0;padding: 0;border: none;box-shadow: none\" src=\"https:\/\/www.pokerleague.ch\/wp-content\/plugins\/social-media-feather\/synved-social\/addons\/extra-icons\/image\/social\/clearslate\/24x24\/twitter.png\" \/><\/a><a class=\"synved-social-button synved-social-button-share synved-social-size-24 synved-social-resolution-normal synved-social-provider-reddit nolightbox\" data-provider=\"reddit\" target=\"_blank\" rel=\"nofollow\" title=\"Share on Reddit\" href=\"https:\/\/www.reddit.com\/submit?url=https%3A%2F%2Fwww.pokerleague.ch%2Fde%2Fwp-json%2Fwp%2Fv2%2Fpages%2F348&#038;title=Regeln\" style=\"font-size: 0px;width:24px;height:24px;margin:0;margin-bottom:5px;margin-right:5px\"><img loading=\"lazy\" decoding=\"async\" alt=\"reddit\" title=\"Share on Reddit\" class=\"synved-share-image synved-social-image synved-social-image-share\" width=\"24\" height=\"24\" style=\"display: inline;width:24px;height:24px;margin: 0;padding: 0;border: none;box-shadow: none\" src=\"https:\/\/www.pokerleague.ch\/wp-content\/plugins\/social-media-feather\/synved-social\/addons\/extra-icons\/image\/social\/clearslate\/24x24\/reddit.png\" \/><\/a><a class=\"synved-social-button synved-social-button-share synved-social-size-24 synved-social-resolution-normal synved-social-provider-pinterest nolightbox\" data-provider=\"pinterest\" target=\"_blank\" rel=\"nofollow\" title=\"Pin it with Pinterest\" href=\"https:\/\/pinterest.com\/pin\/create\/button\/?url=https%3A%2F%2Fwww.pokerleague.ch%2Fde%2Fwp-json%2Fwp%2Fv2%2Fpages%2F348&#038;media=&#038;description=Regeln\" style=\"font-size: 0px;width:24px;height:24px;margin:0;margin-bottom:5px;margin-right:5px\"><img loading=\"lazy\" decoding=\"async\" alt=\"pinterest\" title=\"Pin it with Pinterest\" class=\"synved-share-image synved-social-image synved-social-image-share\" width=\"24\" height=\"24\" style=\"display: inline;width:24px;height:24px;margin: 0;padding: 0;border: none;box-shadow: none\" src=\"https:\/\/www.pokerleague.ch\/wp-content\/plugins\/social-media-feather\/synved-social\/addons\/extra-icons\/image\/social\/clearslate\/24x24\/pinterest.png\" \/><\/a><a class=\"synved-social-button synved-social-button-share synved-social-size-24 synved-social-resolution-normal synved-social-provider-linkedin nolightbox\" data-provider=\"linkedin\" target=\"_blank\" rel=\"nofollow\" title=\"Share on Linkedin\" href=\"https:\/\/www.linkedin.com\/shareArticle?mini=true&#038;url=https%3A%2F%2Fwww.pokerleague.ch%2Fde%2Fwp-json%2Fwp%2Fv2%2Fpages%2F348&#038;title=Regeln\" style=\"font-size: 0px;width:24px;height:24px;margin:0;margin-bottom:5px;margin-right:5px\"><img loading=\"lazy\" decoding=\"async\" alt=\"linkedin\" title=\"Share on Linkedin\" class=\"synved-share-image synved-social-image synved-social-image-share\" width=\"24\" height=\"24\" style=\"display: inline;width:24px;height:24px;margin: 0;padding: 0;border: none;box-shadow: none\" src=\"https:\/\/www.pokerleague.ch\/wp-content\/plugins\/social-media-feather\/synved-social\/addons\/extra-icons\/image\/social\/clearslate\/24x24\/linkedin.png\" \/><\/a><a class=\"synved-social-button synved-social-button-share synved-social-size-24 synved-social-resolution-normal synved-social-provider-mail nolightbox\" data-provider=\"mail\" rel=\"nofollow\" title=\"Share by email\" href=\"mailto:?subject=Regeln&#038;body=Hey%20check%20this%20out:%20https%3A%2F%2Fwww.pokerleague.ch%2Fde%2Fwp-json%2Fwp%2Fv2%2Fpages%2F348\" style=\"font-size: 0px;width:24px;height:24px;margin:0;margin-bottom:5px\"><img loading=\"lazy\" decoding=\"async\" alt=\"mail\" title=\"Share by email\" class=\"synved-share-image synved-social-image synved-social-image-share\" width=\"24\" height=\"24\" style=\"display: inline;width:24px;height:24px;margin: 0;padding: 0;border: none;box-shadow: none\" src=\"https:\/\/www.pokerleague.ch\/wp-content\/plugins\/social-media-feather\/synved-social\/addons\/extra-icons\/image\/social\/clearslate\/24x24\/mail.png\" \/><\/a><a class=\"synved-social-button synved-social-button-share synved-social-size-24 synved-social-resolution-hidef synved-social-provider-facebook nolightbox\" data-provider=\"facebook\" target=\"_blank\" rel=\"nofollow\" title=\"Share on Facebook\" href=\"https:\/\/www.facebook.com\/sharer.php?u=https%3A%2F%2Fwww.pokerleague.ch%2Fde%2Fwp-json%2Fwp%2Fv2%2Fpages%2F348&#038;t=Regeln&#038;s=100&#038;p&#091;url&#093;=https%3A%2F%2Fwww.pokerleague.ch%2Fde%2Fwp-json%2Fwp%2Fv2%2Fpages%2F348&#038;p&#091;images&#093;&#091;0&#093;=&#038;p&#091;title&#093;=Regeln\" style=\"font-size: 0px;width:24px;height:24px;margin:0;margin-bottom:5px;margin-right:5px\"><img loading=\"lazy\" decoding=\"async\" alt=\"Facebook\" title=\"Share on Facebook\" class=\"synved-share-image synved-social-image synved-social-image-share\" width=\"24\" height=\"24\" style=\"display: inline;width:24px;height:24px;margin: 0;padding: 0;border: none;box-shadow: none\" src=\"https:\/\/www.pokerleague.ch\/wp-content\/plugins\/social-media-feather\/synved-social\/addons\/extra-icons\/image\/social\/clearslate\/48x48\/facebook.png\" \/><\/a><a class=\"synved-social-button synved-social-button-share synved-social-size-24 synved-social-resolution-hidef synved-social-provider-twitter nolightbox\" data-provider=\"twitter\" target=\"_blank\" rel=\"nofollow\" title=\"Share on Twitter\" href=\"https:\/\/twitter.com\/intent\/tweet?url=https%3A%2F%2Fwww.pokerleague.ch%2Fde%2Fwp-json%2Fwp%2Fv2%2Fpages%2F348&#038;text=Hey%20check%20this%20out\" style=\"font-size: 0px;width:24px;height:24px;margin:0;margin-bottom:5px;margin-right:5px\"><img loading=\"lazy\" decoding=\"async\" alt=\"twitter\" title=\"Share on Twitter\" class=\"synved-share-image synved-social-image synved-social-image-share\" width=\"24\" height=\"24\" style=\"display: inline;width:24px;height:24px;margin: 0;padding: 0;border: none;box-shadow: none\" src=\"https:\/\/www.pokerleague.ch\/wp-content\/plugins\/social-media-feather\/synved-social\/addons\/extra-icons\/image\/social\/clearslate\/48x48\/twitter.png\" \/><\/a><a class=\"synved-social-button synved-social-button-share synved-social-size-24 synved-social-resolution-hidef synved-social-provider-reddit nolightbox\" data-provider=\"reddit\" target=\"_blank\" rel=\"nofollow\" title=\"Share on Reddit\" href=\"https:\/\/www.reddit.com\/submit?url=https%3A%2F%2Fwww.pokerleague.ch%2Fde%2Fwp-json%2Fwp%2Fv2%2Fpages%2F348&#038;title=Regeln\" style=\"font-size: 0px;width:24px;height:24px;margin:0;margin-bottom:5px;margin-right:5px\"><img loading=\"lazy\" decoding=\"async\" alt=\"reddit\" title=\"Share on Reddit\" class=\"synved-share-image synved-social-image synved-social-image-share\" width=\"24\" height=\"24\" style=\"display: inline;width:24px;height:24px;margin: 0;padding: 0;border: none;box-shadow: none\" src=\"https:\/\/www.pokerleague.ch\/wp-content\/plugins\/social-media-feather\/synved-social\/addons\/extra-icons\/image\/social\/clearslate\/48x48\/reddit.png\" \/><\/a><a class=\"synved-social-button synved-social-button-share synved-social-size-24 synved-social-resolution-hidef synved-social-provider-pinterest nolightbox\" data-provider=\"pinterest\" target=\"_blank\" rel=\"nofollow\" title=\"Pin it with Pinterest\" href=\"https:\/\/pinterest.com\/pin\/create\/button\/?url=https%3A%2F%2Fwww.pokerleague.ch%2Fde%2Fwp-json%2Fwp%2Fv2%2Fpages%2F348&#038;media=&#038;description=Regeln\" style=\"font-size: 0px;width:24px;height:24px;margin:0;margin-bottom:5px;margin-right:5px\"><img loading=\"lazy\" decoding=\"async\" alt=\"pinterest\" title=\"Pin it with Pinterest\" class=\"synved-share-image synved-social-image synved-social-image-share\" width=\"24\" height=\"24\" style=\"display: inline;width:24px;height:24px;margin: 0;padding: 0;border: none;box-shadow: none\" src=\"https:\/\/www.pokerleague.ch\/wp-content\/plugins\/social-media-feather\/synved-social\/addons\/extra-icons\/image\/social\/clearslate\/48x48\/pinterest.png\" \/><\/a><a class=\"synved-social-button synved-social-button-share synved-social-size-24 synved-social-resolution-hidef synved-social-provider-linkedin nolightbox\" data-provider=\"linkedin\" target=\"_blank\" rel=\"nofollow\" title=\"Share on Linkedin\" href=\"https:\/\/www.linkedin.com\/shareArticle?mini=true&#038;url=https%3A%2F%2Fwww.pokerleague.ch%2Fde%2Fwp-json%2Fwp%2Fv2%2Fpages%2F348&#038;title=Regeln\" style=\"font-size: 0px;width:24px;height:24px;margin:0;margin-bottom:5px;margin-right:5px\"><img loading=\"lazy\" decoding=\"async\" alt=\"linkedin\" title=\"Share on Linkedin\" class=\"synved-share-image synved-social-image synved-social-image-share\" width=\"24\" height=\"24\" style=\"display: inline;width:24px;height:24px;margin: 0;padding: 0;border: none;box-shadow: none\" src=\"https:\/\/www.pokerleague.ch\/wp-content\/plugins\/social-media-feather\/synved-social\/addons\/extra-icons\/image\/social\/clearslate\/48x48\/linkedin.png\" \/><\/a><a class=\"synved-social-button synved-social-button-share synved-social-size-24 synved-social-resolution-hidef synved-social-provider-mail nolightbox\" data-provider=\"mail\" rel=\"nofollow\" title=\"Share by email\" href=\"mailto:?subject=Regeln&#038;body=Hey%20check%20this%20out:%20https%3A%2F%2Fwww.pokerleague.ch%2Fde%2Fwp-json%2Fwp%2Fv2%2Fpages%2F348\" style=\"font-size: 0px;width:24px;height:24px;margin:0;margin-bottom:5px\"><img loading=\"lazy\" decoding=\"async\" alt=\"mail\" title=\"Share by email\" class=\"synved-share-image synved-social-image synved-social-image-share\" width=\"24\" height=\"24\" style=\"display: inline;width:24px;height:24px;margin: 0;padding: 0;border: none;box-shadow: none\" src=\"https:\/\/www.pokerleague.ch\/wp-content\/plugins\/social-media-feather\/synved-social\/addons\/extra-icons\/image\/social\/clearslate\/48x48\/mail.png\" \/><\/a>","protected":false},"excerpt":{"rendered":"<p>Teilnahmebedingungen (Reglement) f\u00fcr die Schweizer Online-Texas-Hold\u2019em-Meisterschaft Sie m\u00fcssen vollj\u00e4hrig im Sinne der Schweizer Gesetze sein (18 Jahre oder mehr). Sie m\u00fcssen in der Schweiz wohnhaft sein. Die Turniere sind kostenlose und werden nur \u00fcber das Internet, mittels einer kostenlosen Onlinepoker-Software abgewickelt. Die Turniere sind f\u00fcr die eingeschriebenen Mitglieder der Schweizer Pokerliga reserviert (Schweizer Spielerverzeichnis). Die &hellip; <a href=\"https:\/\/www.pokerleague.ch\/de\/rules-poker\/\" class=\"more-link\">Continue reading  &quot;Regeln&quot;<\/a><\/p>\n","protected":false},"author":1,"featured_media":0,"parent":0,"menu_order":0,"comment_status":"closed","ping_status":"closed","template":"","meta":{"footnotes":""},"class_list":["post-348","page","type-page","status-publish","hentry"],"yoast_head":"<!-- This site is optimized with the Yoast SEO plugin v27.3 - https:\/\/yoast.com\/product\/yoast-seo-wordpress\/ -->\n<title>Regeln - Swiss Poker League<\/title>\n<meta name=\"robots\" content=\"index, follow, max-snippet:-1, max-image-preview:large, max-video-preview:-1\" \/>\n<link rel=\"canonical\" href=\"https:\/\/www.pokerleague.ch\/rules-poker\/\" \/>\n<meta property=\"og:locale\" content=\"de_DE\" \/>\n<meta property=\"og:type\" content=\"article\" \/>\n<meta property=\"og:title\" content=\"[:fr]R\u00e8glement[:de]Regeln[:it]Regolamento[:] - Swiss Poker League\" \/>\n<meta property=\"og:description\" content=\"Teilnahmebedingungen (Reglement) f\u00fcr die Schweizer Online-Texas-Hold\u2019em-Meisterschaft Sie m\u00fcssen vollj\u00e4hrig im Sinne der Schweizer Gesetze sein (18 Jahre oder mehr). Sie m\u00fcssen in der Schweiz wohnhaft sein. Die Turniere sind kostenlose und werden nur \u00fcber das Internet, mittels einer kostenlosen Onlinepoker-Software abgewickelt. Die Turniere sind f\u00fcr die eingeschriebenen Mitglieder der Schweizer Pokerliga reserviert (Schweizer Spielerverzeichnis). Die &hellip; Continue reading &quot;Regeln&quot;\" \/>\n<meta property=\"og:url\" content=\"https:\/\/www.pokerleague.ch\/rules-poker\/\" \/>\n<meta property=\"og:site_name\" content=\"Swiss Poker League\" \/>\n<meta property=\"article:publisher\" content=\"https:\/\/www.facebook.com\/SwissPokerLeague\" \/>\n<meta property=\"article:modified_time\" content=\"2021-06-22T07:21:56+00:00\" \/>\n<meta name=\"twitter:card\" content=\"summary_large_image\" \/>\n<meta name=\"twitter:label1\" content=\"Gesch\u00e4tzte Lesezeit\" \/>\n\t<meta name=\"twitter:data1\" content=\"7\u00a0Minuten\" \/>\n<script type=\"application\/ld+json\" class=\"yoast-schema-graph\">{\"@context\":\"https:\\\/\\\/schema.org\",\"@graph\":[{\"@type\":\"WebPage\",\"@id\":\"https:\\\/\\\/www.pokerleague.ch\\\/rules-poker\\\/\",\"url\":\"https:\\\/\\\/www.pokerleague.ch\\\/rules-poker\\\/\",\"name\":\"[:fr]R\u00e8glement[:de]Regeln[:it]Regolamento[:] - Swiss Poker League\",\"isPartOf\":{\"@id\":\"https:\\\/\\\/www.pokerleague.ch\\\/de\\\/#website\"},\"datePublished\":\"2017-03-15T17:11:23+00:00\",\"dateModified\":\"2021-06-22T07:21:56+00:00\",\"breadcrumb\":{\"@id\":\"https:\\\/\\\/www.pokerleague.ch\\\/rules-poker\\\/#breadcrumb\"},\"inLanguage\":\"de\",\"potentialAction\":[{\"@type\":\"ReadAction\",\"target\":[\"https:\\\/\\\/www.pokerleague.ch\\\/rules-poker\\\/\"]}]},{\"@type\":\"BreadcrumbList\",\"@id\":\"https:\\\/\\\/www.pokerleague.ch\\\/rules-poker\\\/#breadcrumb\",\"itemListElement\":[{\"@type\":\"ListItem\",\"position\":1,\"name\":\"Accueil\",\"item\":\"https:\\\/\\\/www.pokerleague.ch\\\/\"},{\"@type\":\"ListItem\",\"position\":2,\"name\":\"R\u00e8glement\"}]},{\"@type\":\"WebSite\",\"@id\":\"https:\\\/\\\/www.pokerleague.ch\\\/de\\\/#website\",\"url\":\"https:\\\/\\\/www.pokerleague.ch\\\/de\\\/\",\"name\":\"Swiss Poker League\",\"description\":\"(Fran\u00e7ais) Official Swiss Poker League website\",\"publisher\":{\"@id\":\"https:\\\/\\\/www.pokerleague.ch\\\/de\\\/#organization\"},\"potentialAction\":[{\"@type\":\"SearchAction\",\"target\":{\"@type\":\"EntryPoint\",\"urlTemplate\":\"https:\\\/\\\/www.pokerleague.ch\\\/de\\\/?s={search_term_string}\"},\"query-input\":{\"@type\":\"PropertyValueSpecification\",\"valueRequired\":true,\"valueName\":\"search_term_string\"}}],\"inLanguage\":\"de\"},{\"@type\":\"Organization\",\"@id\":\"https:\\\/\\\/www.pokerleague.ch\\\/de\\\/#organization\",\"name\":\"Swiss Poker League\",\"url\":\"https:\\\/\\\/www.pokerleague.ch\\\/de\\\/\",\"logo\":{\"@type\":\"ImageObject\",\"inLanguage\":\"de\",\"@id\":\"https:\\\/\\\/www.pokerleague.ch\\\/de\\\/#\\\/schema\\\/logo\\\/image\\\/\",\"url\":\"https:\\\/\\\/www.pokerleague.ch\\\/wp-content\\\/uploads\\\/2016\\\/12\\\/poker-signs-1.jpg\",\"contentUrl\":\"https:\\\/\\\/www.pokerleague.ch\\\/wp-content\\\/uploads\\\/2016\\\/12\\\/poker-signs-1.jpg\",\"width\":1500,\"height\":1000,\"caption\":\"Swiss Poker League\"},\"image\":{\"@id\":\"https:\\\/\\\/www.pokerleague.ch\\\/de\\\/#\\\/schema\\\/logo\\\/image\\\/\"},\"sameAs\":[\"https:\\\/\\\/www.facebook.com\\\/SwissPokerLeague\"]}]}<\/script>\n<!-- \/ Yoast SEO plugin. -->","yoast_head_json":{"title":"[:fr]R\u00e8glement[:de]Regeln[:it]Regolamento[:] - Swiss Poker League","robots":{"index":"index","follow":"follow","max-snippet":"max-snippet:-1","max-image-preview":"max-image-preview:large","max-video-preview":"max-video-preview:-1"},"canonical":"https:\/\/www.pokerleague.ch\/rules-poker\/","og_locale":"de_DE","og_type":"article","og_title":"[:fr]R\u00e8glement[:de]Regeln[:it]Regolamento[:] - Swiss Poker League","og_description":"Teilnahmebedingungen (Reglement) f\u00fcr die Schweizer Online-Texas-Hold\u2019em-Meisterschaft Sie m\u00fcssen vollj\u00e4hrig im Sinne der Schweizer Gesetze sein (18 Jahre oder mehr). Sie m\u00fcssen in der Schweiz wohnhaft sein. Die Turniere sind kostenlose und werden nur \u00fcber das Internet, mittels einer kostenlosen Onlinepoker-Software abgewickelt. Die Turniere sind f\u00fcr die eingeschriebenen Mitglieder der Schweizer Pokerliga reserviert (Schweizer Spielerverzeichnis). Die &hellip; Continue reading &quot;Regeln&quot;","og_url":"https:\/\/www.pokerleague.ch\/rules-poker\/","og_site_name":"Swiss Poker League","article_publisher":"https:\/\/www.facebook.com\/SwissPokerLeague","article_modified_time":"2021-06-22T07:21:56+00:00","twitter_card":"summary_large_image","twitter_misc":{"Gesch\u00e4tzte Lesezeit":"7\u00a0Minuten"},"schema":{"@context":"https:\/\/schema.org","@graph":[{"@type":"WebPage","@id":"https:\/\/www.pokerleague.ch\/rules-poker\/","url":"https:\/\/www.pokerleague.ch\/rules-poker\/","name":"[:fr]R\u00e8glement[:de]Regeln[:it]Regolamento[:] - Swiss Poker League","isPartOf":{"@id":"https:\/\/www.pokerleague.ch\/de\/#website"},"datePublished":"2017-03-15T17:11:23+00:00","dateModified":"2021-06-22T07:21:56+00:00","breadcrumb":{"@id":"https:\/\/www.pokerleague.ch\/rules-poker\/#breadcrumb"},"inLanguage":"de","potentialAction":[{"@type":"ReadAction","target":["https:\/\/www.pokerleague.ch\/rules-poker\/"]}]},{"@type":"BreadcrumbList","@id":"https:\/\/www.pokerleague.ch\/rules-poker\/#breadcrumb","itemListElement":[{"@type":"ListItem","position":1,"name":"Accueil","item":"https:\/\/www.pokerleague.ch\/"},{"@type":"ListItem","position":2,"name":"R\u00e8glement"}]},{"@type":"WebSite","@id":"https:\/\/www.pokerleague.ch\/de\/#website","url":"https:\/\/www.pokerleague.ch\/de\/","name":"Swiss Poker League","description":"(Fran\u00e7ais) Official Swiss Poker League website","publisher":{"@id":"https:\/\/www.pokerleague.ch\/de\/#organization"},"potentialAction":[{"@type":"SearchAction","target":{"@type":"EntryPoint","urlTemplate":"https:\/\/www.pokerleague.ch\/de\/?s={search_term_string}"},"query-input":{"@type":"PropertyValueSpecification","valueRequired":true,"valueName":"search_term_string"}}],"inLanguage":"de"},{"@type":"Organization","@id":"https:\/\/www.pokerleague.ch\/de\/#organization","name":"Swiss Poker League","url":"https:\/\/www.pokerleague.ch\/de\/","logo":{"@type":"ImageObject","inLanguage":"de","@id":"https:\/\/www.pokerleague.ch\/de\/#\/schema\/logo\/image\/","url":"https:\/\/www.pokerleague.ch\/wp-content\/uploads\/2016\/12\/poker-signs-1.jpg","contentUrl":"https:\/\/www.pokerleague.ch\/wp-content\/uploads\/2016\/12\/poker-signs-1.jpg","width":1500,"height":1000,"caption":"Swiss Poker League"},"image":{"@id":"https:\/\/www.pokerleague.ch\/de\/#\/schema\/logo\/image\/"},"sameAs":["https:\/\/www.facebook.com\/SwissPokerLeague"]}]}},"_links":{"self":[{"href":"https:\/\/www.pokerleague.ch\/de\/wp-json\/wp\/v2\/pages\/348","targetHints":{"allow":["GET"]}}],"collection":[{"href":"https:\/\/www.pokerleague.ch\/de\/wp-json\/wp\/v2\/pages"}],"about":[{"href":"https:\/\/www.pokerleague.ch\/de\/wp-json\/wp\/v2\/types\/page"}],"author":[{"embeddable":true,"href":"https:\/\/www.pokerleague.ch\/de\/wp-json\/wp\/v2\/users\/1"}],"replies":[{"embeddable":true,"href":"https:\/\/www.pokerleague.ch\/de\/wp-json\/wp\/v2\/comments?post=348"}],"version-history":[{"count":0,"href":"https:\/\/www.pokerleague.ch\/de\/wp-json\/wp\/v2\/pages\/348\/revisions"}],"wp:attachment":[{"href":"https:\/\/www.pokerleague.ch\/de\/wp-json\/wp\/v2\/media?parent=348"}],"curies":[{"name":"wp","href":"https:\/\/api.w.org\/{rel}","templated":true}]}}