{"id":499,"date":"2017-03-25T10:24:51","date_gmt":"2017-03-25T09:24:51","guid":{"rendered":"http:\/\/www.pokerleague.ch\/wp\/?page_id=499"},"modified":"2021-06-22T09:23:58","modified_gmt":"2021-06-22T07:23:58","slug":"le-bluff-le-tapisall-in-la-donnefausse-donne-les-pots-paralleles-les-types-dencheres-au-poker","status":"publish","type":"page","link":"https:\/\/www.pokerleague.ch\/de\/le-bluff-le-tapisall-in-la-donnefausse-donne-les-pots-paralleles-les-types-dencheres-au-poker\/","title":{"rendered":"(Fran\u00e7ais) Le bluff, le tapis\/all-in, la donne\/fausse donne, les pots parall\u00e8les, les types d&#8217;ench\u00e8res au poker"},"content":{"rendered":"<p class=\"qtranxs-available-languages-message qtranxs-available-languages-message-de\">Leider ist der Eintrag nur auf <a href=\"https:\/\/www.pokerleague.ch\/fr\/wp-json\/wp\/v2\/pages\/499\" class=\"qtranxs-available-language-link qtranxs-available-language-link-fr\" title=\"Fran\u00e7ais\">Fran\u00e7ais<\/a> verf\u00fcgbar.<\/p>","protected":false},"excerpt":{"rendered":"<p>Leider ist der Eintrag nur auf Fran\u00e7ais verf\u00fcgbar.<\/p>\n","protected":false},"author":1,"featured_media":0,"parent":0,"menu_order":0,"comment_status":"closed","ping_status":"closed","template":"","meta":{"footnotes":""},"class_list":["post-499","page","type-page","status-publish","hentry"],"yoast_head":"<!-- This site is optimized with the Yoast SEO plugin v27.3 - https:\/\/yoast.com\/product\/yoast-seo-wordpress\/ -->\n<title><\/title>\n<meta name=\"robots\" content=\"index, follow, max-snippet:-1, max-image-preview:large, max-video-preview:-1\" \/>\n<link rel=\"canonical\" href=\"https:\/\/www.pokerleague.ch\/le-bluff-le-tapisall-in-la-donnefausse-donne-les-pots-paralleles-les-types-dencheres-au-poker\/\" \/>\n<meta property=\"og:locale\" content=\"de_DE\" \/>\n<meta property=\"og:type\" content=\"article\" \/>\n<meta property=\"og:title\" content=\"[:fr]Le bluff, le tapis\/all-in, la donne\/fausse donne, les pots parall\u00e8les, les types d&#039;ench\u00e8res au poker[:] - Swiss Poker League\" \/>\n<meta property=\"og:description\" content=\"Leider ist der Eintrag nur auf Fran\u00e7ais verf\u00fcgbar.\" \/>\n<meta property=\"og:url\" content=\"https:\/\/www.pokerleague.ch\/le-bluff-le-tapisall-in-la-donnefausse-donne-les-pots-paralleles-les-types-dencheres-au-poker\/\" \/>\n<meta property=\"og:site_name\" content=\"Swiss Poker League\" \/>\n<meta property=\"article:publisher\" content=\"https:\/\/www.facebook.com\/SwissPokerLeague\" \/>\n<meta property=\"article:modified_time\" content=\"2021-06-22T07:23:58+00:00\" \/>\n<meta name=\"twitter:card\" content=\"summary_large_image\" \/>\n<meta name=\"twitter:label1\" content=\"Gesch\u00e4tzte Lesezeit\" \/>\n\t<meta name=\"twitter:data1\" content=\"7\u00a0Minuten\" \/>\n<script type=\"application\/ld+json\" class=\"yoast-schema-graph\">{\"@context\":\"https:\\\/\\\/schema.org\",\"@graph\":[{\"@type\":\"WebPage\",\"@id\":\"https:\\\/\\\/www.pokerleague.ch\\\/le-bluff-le-tapisall-in-la-donnefausse-donne-les-pots-paralleles-les-types-dencheres-au-poker\\\/\",\"url\":\"https:\\\/\\\/www.pokerleague.ch\\\/le-bluff-le-tapisall-in-la-donnefausse-donne-les-pots-paralleles-les-types-dencheres-au-poker\\\/\",\"name\":\"[:fr]Le bluff, le tapis\\\/all-in, la donne\\\/fausse donne, les pots parall\u00e8les, les types d'ench\u00e8res au poker[:] - Swiss Poker League\",\"isPartOf\":{\"@id\":\"https:\\\/\\\/www.pokerleague.ch\\\/de\\\/#website\"},\"datePublished\":\"2017-03-25T09:24:51+00:00\",\"dateModified\":\"2021-06-22T07:23:58+00:00\",\"breadcrumb\":{\"@id\":\"https:\\\/\\\/www.pokerleague.ch\\\/le-bluff-le-tapisall-in-la-donnefausse-donne-les-pots-paralleles-les-types-dencheres-au-poker\\\/#breadcrumb\"},\"inLanguage\":\"de\",\"potentialAction\":[{\"@type\":\"ReadAction\",\"target\":[\"https:\\\/\\\/www.pokerleague.ch\\\/le-bluff-le-tapisall-in-la-donnefausse-donne-les-pots-paralleles-les-types-dencheres-au-poker\\\/\"]}]},{\"@type\":\"BreadcrumbList\",\"@id\":\"https:\\\/\\\/www.pokerleague.ch\\\/le-bluff-le-tapisall-in-la-donnefausse-donne-les-pots-paralleles-les-types-dencheres-au-poker\\\/#breadcrumb\",\"itemListElement\":[{\"@type\":\"ListItem\",\"position\":1,\"name\":\"Accueil\",\"item\":\"https:\\\/\\\/www.pokerleague.ch\\\/\"},{\"@type\":\"ListItem\",\"position\":2,\"name\":\"Le bluff, le tapis\\\/all-in, la donne\\\/fausse donne, les pots parall\u00e8les, les types d&rsquo;ench\u00e8res au poker\"}]},{\"@type\":\"WebSite\",\"@id\":\"https:\\\/\\\/www.pokerleague.ch\\\/de\\\/#website\",\"url\":\"https:\\\/\\\/www.pokerleague.ch\\\/de\\\/\",\"name\":\"Swiss Poker League\",\"description\":\"(Fran\u00e7ais) Official Swiss Poker League website\",\"publisher\":{\"@id\":\"https:\\\/\\\/www.pokerleague.ch\\\/de\\\/#organization\"},\"potentialAction\":[{\"@type\":\"SearchAction\",\"target\":{\"@type\":\"EntryPoint\",\"urlTemplate\":\"https:\\\/\\\/www.pokerleague.ch\\\/de\\\/?s={search_term_string}\"},\"query-input\":{\"@type\":\"PropertyValueSpecification\",\"valueRequired\":true,\"valueName\":\"search_term_string\"}}],\"inLanguage\":\"de\"},{\"@type\":\"Organization\",\"@id\":\"https:\\\/\\\/www.pokerleague.ch\\\/de\\\/#organization\",\"name\":\"Swiss Poker League\",\"url\":\"https:\\\/\\\/www.pokerleague.ch\\\/de\\\/\",\"logo\":{\"@type\":\"ImageObject\",\"inLanguage\":\"de\",\"@id\":\"https:\\\/\\\/www.pokerleague.ch\\\/de\\\/#\\\/schema\\\/logo\\\/image\\\/\",\"url\":\"https:\\\/\\\/www.pokerleague.ch\\\/wp-content\\\/uploads\\\/2016\\\/12\\\/poker-signs-1.jpg\",\"contentUrl\":\"https:\\\/\\\/www.pokerleague.ch\\\/wp-content\\\/uploads\\\/2016\\\/12\\\/poker-signs-1.jpg\",\"width\":1500,\"height\":1000,\"caption\":\"Swiss Poker League\"},\"image\":{\"@id\":\"https:\\\/\\\/www.pokerleague.ch\\\/de\\\/#\\\/schema\\\/logo\\\/image\\\/\"},\"sameAs\":[\"https:\\\/\\\/www.facebook.com\\\/SwissPokerLeague\"]}]}<\/script>\n<!-- \/ Yoast SEO plugin. -->","yoast_head_json":{"title":"[:fr]Le bluff, le tapis\/all-in, la donne\/fausse donne, les pots parall\u00e8les, les types d'ench\u00e8res au poker[:] - Swiss Poker League","robots":{"index":"index","follow":"follow","max-snippet":"max-snippet:-1","max-image-preview":"max-image-preview:large","max-video-preview":"max-video-preview:-1"},"canonical":"https:\/\/www.pokerleague.ch\/le-bluff-le-tapisall-in-la-donnefausse-donne-les-pots-paralleles-les-types-dencheres-au-poker\/","og_locale":"de_DE","og_type":"article","og_title":"[:fr]Le bluff, le tapis\/all-in, la donne\/fausse donne, les pots parall\u00e8les, les types d'ench\u00e8res au poker[:] - Swiss Poker League","og_description":"Leider ist der Eintrag nur auf Fran\u00e7ais verf\u00fcgbar.","og_url":"https:\/\/www.pokerleague.ch\/le-bluff-le-tapisall-in-la-donnefausse-donne-les-pots-paralleles-les-types-dencheres-au-poker\/","og_site_name":"Swiss Poker League","article_publisher":"https:\/\/www.facebook.com\/SwissPokerLeague","article_modified_time":"2021-06-22T07:23:58+00:00","twitter_card":"summary_large_image","twitter_misc":{"Gesch\u00e4tzte Lesezeit":"7\u00a0Minuten"},"schema":{"@context":"https:\/\/schema.org","@graph":[{"@type":"WebPage","@id":"https:\/\/www.pokerleague.ch\/le-bluff-le-tapisall-in-la-donnefausse-donne-les-pots-paralleles-les-types-dencheres-au-poker\/","url":"https:\/\/www.pokerleague.ch\/le-bluff-le-tapisall-in-la-donnefausse-donne-les-pots-paralleles-les-types-dencheres-au-poker\/","name":"[:fr]Le bluff, le tapis\/all-in, la donne\/fausse donne, les pots parall\u00e8les, les types d'ench\u00e8res au poker[:] - Swiss Poker League","isPartOf":{"@id":"https:\/\/www.pokerleague.ch\/de\/#website"},"datePublished":"2017-03-25T09:24:51+00:00","dateModified":"2021-06-22T07:23:58+00:00","breadcrumb":{"@id":"https:\/\/www.pokerleague.ch\/le-bluff-le-tapisall-in-la-donnefausse-donne-les-pots-paralleles-les-types-dencheres-au-poker\/#breadcrumb"},"inLanguage":"de","potentialAction":[{"@type":"ReadAction","target":["https:\/\/www.pokerleague.ch\/le-bluff-le-tapisall-in-la-donnefausse-donne-les-pots-paralleles-les-types-dencheres-au-poker\/"]}]},{"@type":"BreadcrumbList","@id":"https:\/\/www.pokerleague.ch\/le-bluff-le-tapisall-in-la-donnefausse-donne-les-pots-paralleles-les-types-dencheres-au-poker\/#breadcrumb","itemListElement":[{"@type":"ListItem","position":1,"name":"Accueil","item":"https:\/\/www.pokerleague.ch\/"},{"@type":"ListItem","position":2,"name":"Le bluff, le tapis\/all-in, la donne\/fausse donne, les pots parall\u00e8les, les types d&rsquo;ench\u00e8res au poker"}]},{"@type":"WebSite","@id":"https:\/\/www.pokerleague.ch\/de\/#website","url":"https:\/\/www.pokerleague.ch\/de\/","name":"Swiss Poker League","description":"(Fran\u00e7ais) Official Swiss Poker League website","publisher":{"@id":"https:\/\/www.pokerleague.ch\/de\/#organization"},"potentialAction":[{"@type":"SearchAction","target":{"@type":"EntryPoint","urlTemplate":"https:\/\/www.pokerleague.ch\/de\/?s={search_term_string}"},"query-input":{"@type":"PropertyValueSpecification","valueRequired":true,"valueName":"search_term_string"}}],"inLanguage":"de"},{"@type":"Organization","@id":"https:\/\/www.pokerleague.ch\/de\/#organization","name":"Swiss Poker League","url":"https:\/\/www.pokerleague.ch\/de\/","logo":{"@type":"ImageObject","inLanguage":"de","@id":"https:\/\/www.pokerleague.ch\/de\/#\/schema\/logo\/image\/","url":"https:\/\/www.pokerleague.ch\/wp-content\/uploads\/2016\/12\/poker-signs-1.jpg","contentUrl":"https:\/\/www.pokerleague.ch\/wp-content\/uploads\/2016\/12\/poker-signs-1.jpg","width":1500,"height":1000,"caption":"Swiss Poker League"},"image":{"@id":"https:\/\/www.pokerleague.ch\/de\/#\/schema\/logo\/image\/"},"sameAs":["https:\/\/www.facebook.com\/SwissPokerLeague"]}]}},"_links":{"self":[{"href":"https:\/\/www.pokerleague.ch\/de\/wp-json\/wp\/v2\/pages\/499","targetHints":{"allow":["GET"]}}],"collection":[{"href":"https:\/\/www.pokerleague.ch\/de\/wp-json\/wp\/v2\/pages"}],"about":[{"href":"https:\/\/www.pokerleague.ch\/de\/wp-json\/wp\/v2\/types\/page"}],"author":[{"embeddable":true,"href":"https:\/\/www.pokerleague.ch\/de\/wp-json\/wp\/v2\/users\/1"}],"replies":[{"embeddable":true,"href":"https:\/\/www.pokerleague.ch\/de\/wp-json\/wp\/v2\/comments?post=499"}],"version-history":[{"count":0,"href":"https:\/\/www.pokerleague.ch\/de\/wp-json\/wp\/v2\/pages\/499\/revisions"}],"wp:attachment":[{"href":"https:\/\/www.pokerleague.ch\/de\/wp-json\/wp\/v2\/media?parent=499"}],"curies":[{"name":"wp","href":"https:\/\/api.w.org\/{rel}","templated":true}]}}