{"id":348,"date":"2017-03-15T18:11:23","date_gmt":"2017-03-15T17:11:23","guid":{"rendered":"http:\/\/www.pokerleague.ch\/wp\/?page_id=348"},"modified":"2021-06-22T09:21:56","modified_gmt":"2021-06-22T07:21:56","slug":"rules-poker","status":"publish","type":"page","link":"https:\/\/www.pokerleague.ch\/it\/rules-poker\/","title":{"rendered":"Regolamento"},"content":{"rendered":"<strong>Condizioni di partecipazione (regolamento) al Campionato Svizzero online di Poker Texas Hold\u2019em<\/strong><\/p>\n<ul>\n<li>Sono ammessi al torneo giocatori maggiorenni ai sensi della legge svizzera (maggiori di 18 anni).<\/li>\n<li>\u00c8 requisito necessario essere residenti in Svizzera.<\/li>\n<li>I tornei sono gratuiti e si svolgono esclusivamente su Internet tramite un <a href=\"http:\/\/888poker.com\/downloadclient.htm?&amp;lang=IT&amp;sr=176137&amp;DownloadBrand=888poker\" target=\"_blank\" rel=\"noopener\">programma gratuito di poker online<\/a>.<\/li>\n<li>I tornei sono riservati ai membri iscritti della Lega Svizzera di Poker (<a href=\"http:\/\/www.pokerleague.ch\/play-poker\/\">annuario svizzero dei giocatori<\/a>).<\/li>\n<li>Il trattamento e l\u2019utilizzo dei dati raccolti nell&#8217;annuario svizzero dei giocatori si svolge secondo le prescrizioni della legge svizzera sulla protezione dei dati personali (i dati non saranno trasmessi a terzi).<\/li>\n<li>I codici di accesso (password) ai tornei saranno resi noti prima dell\u2019inizio dei tornei stessi nell&#8217;annuario svizzero dei giocatori.<\/li>\n<li>Le qualificazioni avranno luogo esclusivamente con la partecipazione di un minimo di 10 iscritti. Nel caso in cui questa soglia non sia raggiunta, le qualificazioni vengono automaticamente annullate. Il numero massimo di partecipanti per ogni qualificazione\/torneo \u00e8 di 2000.<\/li>\n<li>Dopo ogni torneo di qualificazione, l\u2019elenco dei giocatori qualificati alla fase finale sar\u00e0 pubblicato su Pokerleague.ch.<\/li>\n<li>I vincitori saranno informati via e-mail. I partecipanti che non abbiano comunicato nell&#8217;annuario svizzero dei giocatori i dati personali richiesti (indirizzo e-mail) o ne abbiano comunicati di inesatti saranno esclusi dalla consegna dei premi.<\/li>\n<li><a href=\"http:\/\/www.pokerleague.ch\/doc\/points_freerolls.pdf\" target=\"_blank\" rel=\"noopener\">Ripartizione dei punti<\/a>.<\/li>\n<\/ul>\n<p>L&#8217;utilizzo del sito Pokerleague.ch si svolge sotto l\u2019esclusiva e intera responsabilit\u00e0 dell\u2019utente. In nessun caso Pokerleague.ch potr\u00e0 essere considerata responsabile di eventuali danni, diretti o indiretti, di qualsiasi natura, in particolare danni a dati e beni materiali o immateriali che possano risultare dall\u2019utilizzo o dall\u2019impossibilit\u00e0 d\u2019utilizzo del sito Pokerleague.ch.<\/p>\n<p>Pokerleague.ch non \u00e8 in alcun caso responsabile del funzionamento dei programmi e della trasmissione su internet di qualsiasi dato o informazione, e nemmeno potr\u00e0 essere considerata responsabile in caso di manomissione pirata totale o parziale del sito n\u00e9 dei danni che una tale manomissione pirata potrebbe causare all\u2019utente o a terzi. Tutto il materiale scaricato e\/o ottenuto in qualsiasi maniera durante l\u2019utilizzo del sito Pokerleague.ch \u00e8 da considerarsi a rischio e pericolo dell\u2019utente. Pokerleague.ch non potr\u00e0 in alcun caso essere considerata responsabile di danni o perdite di dati subiti dall\u2019utente in questa maniera.<\/p>\n<p>Il sito di Pokerleague.ch pu\u00f2 contenere link ipertestuali indirizzati ad altri siti web. L\u2019utente visita questi siti sotto la sua esclusiva e intera responsabilit\u00e0. Pokerleague.ch non \u00e8 in alcun caso responsabile dei contenuti o dell\u2019esistenza dei siti in questione, n\u00e9 di qualsiasi danno, diretto o indiretto, subito dall\u2019utente in conseguenza alla consultazione e\/o utilizzo di un sito terzo accessibile a partire da quello di Pokerleague.ch.<\/p>\n<p>L\u2019insieme degli obblighi \u00e8 sottomesso al diritto svizzero. Luogo di esecuzione e foro competente: Neuch\u00e2tel (Svizzera). \u00c8 escluso ogni ricorso giuridico.<\/p>\n<div id=\"poker-3833162230\" style=\"width: 970px;height: 250px;\"><div>\r\n    <script type=\"text\/javascript\">\r\n        document.write('<iframe src=\"https:\/\/banners.livepartners.com\/view.php?z=132452\" frameborder=\"0\" marginheight=\"0\" scrolling=\"no\" marginwidth=\"0\" style=\"max-width: none !important; max-height: none !important; width: 970px; height: 250px; position: absolute; border: none; opacity: 1; background-color: transparent;\"><\/iframe>');\r\n    <\/script>\r\n<\/div><\/div>\n<p><script async src=\"https:\/\/pagead2.googlesyndication.com\/pagead\/js\/adsbygoogle.js\"><\/script><br \/>\n<!-- SwissPokerLeague - 2021 --><br \/>\n<ins class=\"adsbygoogle\"\n     style=\"display:block\"\n     data-ad-client=\"ca-pub-5313591913689659\"\n     data-ad-slot=\"4704712676\"\n     data-ad-format=\"auto\"\n     data-full-width-responsive=\"true\"><\/ins><br \/>\n<script>\n     (adsbygoogle = window.adsbygoogle || []).push({});\n<\/script>\n<a class=\"synved-social-button synved-social-button-share synved-social-size-24 synved-social-resolution-normal synved-social-provider-facebook nolightbox\" data-provider=\"facebook\" target=\"_blank\" rel=\"nofollow\" title=\"Share on Facebook\" href=\"https:\/\/www.facebook.com\/sharer.php?u=https%3A%2F%2Fwww.pokerleague.ch%2Fit%2Fwp-json%2Fwp%2Fv2%2Fpages%2F348&#038;t=Regolamento&#038;s=100&#038;p&#091;url&#093;=https%3A%2F%2Fwww.pokerleague.ch%2Fit%2Fwp-json%2Fwp%2Fv2%2Fpages%2F348&#038;p&#091;images&#093;&#091;0&#093;=&#038;p&#091;title&#093;=Regolamento\" style=\"font-size: 0px;width:24px;height:24px;margin:0;margin-bottom:5px;margin-right:5px\"><img loading=\"lazy\" decoding=\"async\" alt=\"Facebook\" title=\"Share on Facebook\" class=\"synved-share-image synved-social-image synved-social-image-share\" width=\"24\" height=\"24\" style=\"display: inline;width:24px;height:24px;margin: 0;padding: 0;border: none;box-shadow: none\" src=\"https:\/\/www.pokerleague.ch\/wp-content\/plugins\/social-media-feather\/synved-social\/addons\/extra-icons\/image\/social\/clearslate\/24x24\/facebook.png\" \/><\/a><a class=\"synved-social-button synved-social-button-share synved-social-size-24 synved-social-resolution-normal synved-social-provider-twitter nolightbox\" data-provider=\"twitter\" target=\"_blank\" rel=\"nofollow\" title=\"Share on Twitter\" href=\"https:\/\/twitter.com\/intent\/tweet?url=https%3A%2F%2Fwww.pokerleague.ch%2Fit%2Fwp-json%2Fwp%2Fv2%2Fpages%2F348&#038;text=Hey%20check%20this%20out\" style=\"font-size: 0px;width:24px;height:24px;margin:0;margin-bottom:5px;margin-right:5px\"><img loading=\"lazy\" decoding=\"async\" alt=\"twitter\" title=\"Share on Twitter\" class=\"synved-share-image synved-social-image synved-social-image-share\" width=\"24\" height=\"24\" style=\"display: inline;width:24px;height:24px;margin: 0;padding: 0;border: none;box-shadow: none\" src=\"https:\/\/www.pokerleague.ch\/wp-content\/plugins\/social-media-feather\/synved-social\/addons\/extra-icons\/image\/social\/clearslate\/24x24\/twitter.png\" \/><\/a><a class=\"synved-social-button synved-social-button-share synved-social-size-24 synved-social-resolution-normal synved-social-provider-reddit nolightbox\" data-provider=\"reddit\" target=\"_blank\" rel=\"nofollow\" title=\"Share on Reddit\" href=\"https:\/\/www.reddit.com\/submit?url=https%3A%2F%2Fwww.pokerleague.ch%2Fit%2Fwp-json%2Fwp%2Fv2%2Fpages%2F348&#038;title=Regolamento\" style=\"font-size: 0px;width:24px;height:24px;margin:0;margin-bottom:5px;margin-right:5px\"><img loading=\"lazy\" decoding=\"async\" alt=\"reddit\" title=\"Share on Reddit\" class=\"synved-share-image synved-social-image synved-social-image-share\" width=\"24\" height=\"24\" style=\"display: inline;width:24px;height:24px;margin: 0;padding: 0;border: none;box-shadow: none\" src=\"https:\/\/www.pokerleague.ch\/wp-content\/plugins\/social-media-feather\/synved-social\/addons\/extra-icons\/image\/social\/clearslate\/24x24\/reddit.png\" \/><\/a><a class=\"synved-social-button synved-social-button-share synved-social-size-24 synved-social-resolution-normal synved-social-provider-pinterest nolightbox\" data-provider=\"pinterest\" target=\"_blank\" rel=\"nofollow\" title=\"Pin it with Pinterest\" href=\"https:\/\/pinterest.com\/pin\/create\/button\/?url=https%3A%2F%2Fwww.pokerleague.ch%2Fit%2Fwp-json%2Fwp%2Fv2%2Fpages%2F348&#038;media=&#038;description=Regolamento\" style=\"font-size: 0px;width:24px;height:24px;margin:0;margin-bottom:5px;margin-right:5px\"><img loading=\"lazy\" decoding=\"async\" alt=\"pinterest\" title=\"Pin it with Pinterest\" class=\"synved-share-image synved-social-image synved-social-image-share\" width=\"24\" height=\"24\" style=\"display: inline;width:24px;height:24px;margin: 0;padding: 0;border: none;box-shadow: none\" src=\"https:\/\/www.pokerleague.ch\/wp-content\/plugins\/social-media-feather\/synved-social\/addons\/extra-icons\/image\/social\/clearslate\/24x24\/pinterest.png\" \/><\/a><a class=\"synved-social-button synved-social-button-share synved-social-size-24 synved-social-resolution-normal synved-social-provider-linkedin nolightbox\" data-provider=\"linkedin\" target=\"_blank\" rel=\"nofollow\" title=\"Share on Linkedin\" href=\"https:\/\/www.linkedin.com\/shareArticle?mini=true&#038;url=https%3A%2F%2Fwww.pokerleague.ch%2Fit%2Fwp-json%2Fwp%2Fv2%2Fpages%2F348&#038;title=Regolamento\" style=\"font-size: 0px;width:24px;height:24px;margin:0;margin-bottom:5px;margin-right:5px\"><img loading=\"lazy\" decoding=\"async\" alt=\"linkedin\" title=\"Share on Linkedin\" class=\"synved-share-image synved-social-image synved-social-image-share\" width=\"24\" height=\"24\" style=\"display: inline;width:24px;height:24px;margin: 0;padding: 0;border: none;box-shadow: none\" src=\"https:\/\/www.pokerleague.ch\/wp-content\/plugins\/social-media-feather\/synved-social\/addons\/extra-icons\/image\/social\/clearslate\/24x24\/linkedin.png\" \/><\/a><a class=\"synved-social-button synved-social-button-share synved-social-size-24 synved-social-resolution-normal synved-social-provider-mail nolightbox\" data-provider=\"mail\" rel=\"nofollow\" title=\"Share by email\" href=\"mailto:?subject=Regolamento&#038;body=Hey%20check%20this%20out:%20https%3A%2F%2Fwww.pokerleague.ch%2Fit%2Fwp-json%2Fwp%2Fv2%2Fpages%2F348\" style=\"font-size: 0px;width:24px;height:24px;margin:0;margin-bottom:5px\"><img loading=\"lazy\" decoding=\"async\" alt=\"mail\" title=\"Share by email\" class=\"synved-share-image synved-social-image synved-social-image-share\" width=\"24\" height=\"24\" style=\"display: inline;width:24px;height:24px;margin: 0;padding: 0;border: none;box-shadow: none\" src=\"https:\/\/www.pokerleague.ch\/wp-content\/plugins\/social-media-feather\/synved-social\/addons\/extra-icons\/image\/social\/clearslate\/24x24\/mail.png\" \/><\/a><a class=\"synved-social-button synved-social-button-share synved-social-size-24 synved-social-resolution-hidef synved-social-provider-facebook nolightbox\" data-provider=\"facebook\" target=\"_blank\" rel=\"nofollow\" title=\"Share on Facebook\" href=\"https:\/\/www.facebook.com\/sharer.php?u=https%3A%2F%2Fwww.pokerleague.ch%2Fit%2Fwp-json%2Fwp%2Fv2%2Fpages%2F348&#038;t=Regolamento&#038;s=100&#038;p&#091;url&#093;=https%3A%2F%2Fwww.pokerleague.ch%2Fit%2Fwp-json%2Fwp%2Fv2%2Fpages%2F348&#038;p&#091;images&#093;&#091;0&#093;=&#038;p&#091;title&#093;=Regolamento\" style=\"font-size: 0px;width:24px;height:24px;margin:0;margin-bottom:5px;margin-right:5px\"><img loading=\"lazy\" decoding=\"async\" alt=\"Facebook\" title=\"Share on Facebook\" class=\"synved-share-image synved-social-image synved-social-image-share\" width=\"24\" height=\"24\" style=\"display: inline;width:24px;height:24px;margin: 0;padding: 0;border: none;box-shadow: none\" src=\"https:\/\/www.pokerleague.ch\/wp-content\/plugins\/social-media-feather\/synved-social\/addons\/extra-icons\/image\/social\/clearslate\/48x48\/facebook.png\" \/><\/a><a class=\"synved-social-button synved-social-button-share synved-social-size-24 synved-social-resolution-hidef synved-social-provider-twitter nolightbox\" data-provider=\"twitter\" target=\"_blank\" rel=\"nofollow\" title=\"Share on Twitter\" href=\"https:\/\/twitter.com\/intent\/tweet?url=https%3A%2F%2Fwww.pokerleague.ch%2Fit%2Fwp-json%2Fwp%2Fv2%2Fpages%2F348&#038;text=Hey%20check%20this%20out\" style=\"font-size: 0px;width:24px;height:24px;margin:0;margin-bottom:5px;margin-right:5px\"><img loading=\"lazy\" decoding=\"async\" alt=\"twitter\" title=\"Share on Twitter\" class=\"synved-share-image synved-social-image synved-social-image-share\" width=\"24\" height=\"24\" style=\"display: inline;width:24px;height:24px;margin: 0;padding: 0;border: none;box-shadow: none\" src=\"https:\/\/www.pokerleague.ch\/wp-content\/plugins\/social-media-feather\/synved-social\/addons\/extra-icons\/image\/social\/clearslate\/48x48\/twitter.png\" \/><\/a><a class=\"synved-social-button synved-social-button-share synved-social-size-24 synved-social-resolution-hidef synved-social-provider-reddit nolightbox\" data-provider=\"reddit\" target=\"_blank\" rel=\"nofollow\" title=\"Share on Reddit\" href=\"https:\/\/www.reddit.com\/submit?url=https%3A%2F%2Fwww.pokerleague.ch%2Fit%2Fwp-json%2Fwp%2Fv2%2Fpages%2F348&#038;title=Regolamento\" style=\"font-size: 0px;width:24px;height:24px;margin:0;margin-bottom:5px;margin-right:5px\"><img loading=\"lazy\" decoding=\"async\" alt=\"reddit\" title=\"Share on Reddit\" class=\"synved-share-image synved-social-image synved-social-image-share\" width=\"24\" height=\"24\" style=\"display: inline;width:24px;height:24px;margin: 0;padding: 0;border: none;box-shadow: none\" src=\"https:\/\/www.pokerleague.ch\/wp-content\/plugins\/social-media-feather\/synved-social\/addons\/extra-icons\/image\/social\/clearslate\/48x48\/reddit.png\" \/><\/a><a class=\"synved-social-button synved-social-button-share synved-social-size-24 synved-social-resolution-hidef synved-social-provider-pinterest nolightbox\" data-provider=\"pinterest\" target=\"_blank\" rel=\"nofollow\" title=\"Pin it with Pinterest\" href=\"https:\/\/pinterest.com\/pin\/create\/button\/?url=https%3A%2F%2Fwww.pokerleague.ch%2Fit%2Fwp-json%2Fwp%2Fv2%2Fpages%2F348&#038;media=&#038;description=Regolamento\" style=\"font-size: 0px;width:24px;height:24px;margin:0;margin-bottom:5px;margin-right:5px\"><img loading=\"lazy\" decoding=\"async\" alt=\"pinterest\" title=\"Pin it with Pinterest\" class=\"synved-share-image synved-social-image synved-social-image-share\" width=\"24\" height=\"24\" style=\"display: inline;width:24px;height:24px;margin: 0;padding: 0;border: none;box-shadow: none\" src=\"https:\/\/www.pokerleague.ch\/wp-content\/plugins\/social-media-feather\/synved-social\/addons\/extra-icons\/image\/social\/clearslate\/48x48\/pinterest.png\" \/><\/a><a class=\"synved-social-button synved-social-button-share synved-social-size-24 synved-social-resolution-hidef synved-social-provider-linkedin nolightbox\" data-provider=\"linkedin\" target=\"_blank\" rel=\"nofollow\" title=\"Share on Linkedin\" href=\"https:\/\/www.linkedin.com\/shareArticle?mini=true&#038;url=https%3A%2F%2Fwww.pokerleague.ch%2Fit%2Fwp-json%2Fwp%2Fv2%2Fpages%2F348&#038;title=Regolamento\" style=\"font-size: 0px;width:24px;height:24px;margin:0;margin-bottom:5px;margin-right:5px\"><img loading=\"lazy\" decoding=\"async\" alt=\"linkedin\" title=\"Share on Linkedin\" class=\"synved-share-image synved-social-image synved-social-image-share\" width=\"24\" height=\"24\" style=\"display: inline;width:24px;height:24px;margin: 0;padding: 0;border: none;box-shadow: none\" src=\"https:\/\/www.pokerleague.ch\/wp-content\/plugins\/social-media-feather\/synved-social\/addons\/extra-icons\/image\/social\/clearslate\/48x48\/linkedin.png\" \/><\/a><a class=\"synved-social-button synved-social-button-share synved-social-size-24 synved-social-resolution-hidef synved-social-provider-mail nolightbox\" data-provider=\"mail\" rel=\"nofollow\" title=\"Share by email\" href=\"mailto:?subject=Regolamento&#038;body=Hey%20check%20this%20out:%20https%3A%2F%2Fwww.pokerleague.ch%2Fit%2Fwp-json%2Fwp%2Fv2%2Fpages%2F348\" style=\"font-size: 0px;width:24px;height:24px;margin:0;margin-bottom:5px\"><img loading=\"lazy\" decoding=\"async\" alt=\"mail\" title=\"Share by email\" class=\"synved-share-image synved-social-image synved-social-image-share\" width=\"24\" height=\"24\" style=\"display: inline;width:24px;height:24px;margin: 0;padding: 0;border: none;box-shadow: none\" src=\"https:\/\/www.pokerleague.ch\/wp-content\/plugins\/social-media-feather\/synved-social\/addons\/extra-icons\/image\/social\/clearslate\/48x48\/mail.png\" \/><\/a>","protected":false},"excerpt":{"rendered":"<p>Condizioni di partecipazione (regolamento) al Campionato Svizzero online di Poker Texas Hold\u2019em Sono ammessi al torneo giocatori maggiorenni ai sensi della legge svizzera (maggiori di 18 anni). \u00c8 requisito necessario essere residenti in Svizzera. I tornei sono gratuiti e si svolgono esclusivamente su Internet tramite un programma gratuito di poker online. I tornei sono riservati &hellip; <a href=\"https:\/\/www.pokerleague.ch\/it\/rules-poker\/\" class=\"more-link\">Continue reading  &quot;Regolamento&quot;<\/a><\/p>\n","protected":false},"author":1,"featured_media":0,"parent":0,"menu_order":0,"comment_status":"closed","ping_status":"closed","template":"","meta":{"footnotes":""},"class_list":["post-348","page","type-page","status-publish","hentry"],"yoast_head":"<!-- This site is optimized with the Yoast SEO plugin v27.3 - https:\/\/yoast.com\/product\/yoast-seo-wordpress\/ -->\n<title>Regolamento - Swiss Poker League<\/title>\n<meta name=\"robots\" content=\"index, follow, max-snippet:-1, max-image-preview:large, max-video-preview:-1\" \/>\n<link rel=\"canonical\" href=\"https:\/\/www.pokerleague.ch\/rules-poker\/\" \/>\n<meta property=\"og:locale\" content=\"it_IT\" \/>\n<meta property=\"og:type\" content=\"article\" \/>\n<meta property=\"og:title\" content=\"[:fr]R\u00e8glement[:de]Regeln[:it]Regolamento[:] - Swiss Poker League\" \/>\n<meta property=\"og:description\" content=\"Condizioni di partecipazione (regolamento) al Campionato Svizzero online di Poker Texas Hold\u2019em Sono ammessi al torneo giocatori maggiorenni ai sensi della legge svizzera (maggiori di 18 anni). \u00c8 requisito necessario essere residenti in Svizzera. I tornei sono gratuiti e si svolgono esclusivamente su Internet tramite un programma gratuito di poker online. I tornei sono riservati &hellip; Continue reading &quot;Regolamento&quot;\" \/>\n<meta property=\"og:url\" content=\"https:\/\/www.pokerleague.ch\/rules-poker\/\" \/>\n<meta property=\"og:site_name\" content=\"Swiss Poker League\" \/>\n<meta property=\"article:publisher\" content=\"https:\/\/www.facebook.com\/SwissPokerLeague\" \/>\n<meta property=\"article:modified_time\" content=\"2021-06-22T07:21:56+00:00\" \/>\n<meta name=\"twitter:card\" content=\"summary_large_image\" \/>\n<meta name=\"twitter:label1\" content=\"Tempo di lettura stimato\" \/>\n\t<meta name=\"twitter:data1\" content=\"7 minuti\" \/>\n<script type=\"application\/ld+json\" class=\"yoast-schema-graph\">{\"@context\":\"https:\\\/\\\/schema.org\",\"@graph\":[{\"@type\":\"WebPage\",\"@id\":\"https:\\\/\\\/www.pokerleague.ch\\\/rules-poker\\\/\",\"url\":\"https:\\\/\\\/www.pokerleague.ch\\\/rules-poker\\\/\",\"name\":\"[:fr]R\u00e8glement[:de]Regeln[:it]Regolamento[:] - Swiss Poker League\",\"isPartOf\":{\"@id\":\"https:\\\/\\\/www.pokerleague.ch\\\/de\\\/#website\"},\"datePublished\":\"2017-03-15T17:11:23+00:00\",\"dateModified\":\"2021-06-22T07:21:56+00:00\",\"breadcrumb\":{\"@id\":\"https:\\\/\\\/www.pokerleague.ch\\\/rules-poker\\\/#breadcrumb\"},\"inLanguage\":\"it-IT\",\"potentialAction\":[{\"@type\":\"ReadAction\",\"target\":[\"https:\\\/\\\/www.pokerleague.ch\\\/rules-poker\\\/\"]}]},{\"@type\":\"BreadcrumbList\",\"@id\":\"https:\\\/\\\/www.pokerleague.ch\\\/rules-poker\\\/#breadcrumb\",\"itemListElement\":[{\"@type\":\"ListItem\",\"position\":1,\"name\":\"Accueil\",\"item\":\"https:\\\/\\\/www.pokerleague.ch\\\/\"},{\"@type\":\"ListItem\",\"position\":2,\"name\":\"R\u00e8glement\"}]},{\"@type\":\"WebSite\",\"@id\":\"https:\\\/\\\/www.pokerleague.ch\\\/de\\\/#website\",\"url\":\"https:\\\/\\\/www.pokerleague.ch\\\/de\\\/\",\"name\":\"Swiss Poker League\",\"description\":\"(Fran\u00e7ais) Official Swiss Poker League website\",\"publisher\":{\"@id\":\"https:\\\/\\\/www.pokerleague.ch\\\/de\\\/#organization\"},\"potentialAction\":[{\"@type\":\"SearchAction\",\"target\":{\"@type\":\"EntryPoint\",\"urlTemplate\":\"https:\\\/\\\/www.pokerleague.ch\\\/de\\\/?s={search_term_string}\"},\"query-input\":{\"@type\":\"PropertyValueSpecification\",\"valueRequired\":true,\"valueName\":\"search_term_string\"}}],\"inLanguage\":\"it-IT\"},{\"@type\":\"Organization\",\"@id\":\"https:\\\/\\\/www.pokerleague.ch\\\/de\\\/#organization\",\"name\":\"Swiss Poker League\",\"url\":\"https:\\\/\\\/www.pokerleague.ch\\\/de\\\/\",\"logo\":{\"@type\":\"ImageObject\",\"inLanguage\":\"it-IT\",\"@id\":\"https:\\\/\\\/www.pokerleague.ch\\\/de\\\/#\\\/schema\\\/logo\\\/image\\\/\",\"url\":\"https:\\\/\\\/www.pokerleague.ch\\\/wp-content\\\/uploads\\\/2016\\\/12\\\/poker-signs-1.jpg\",\"contentUrl\":\"https:\\\/\\\/www.pokerleague.ch\\\/wp-content\\\/uploads\\\/2016\\\/12\\\/poker-signs-1.jpg\",\"width\":1500,\"height\":1000,\"caption\":\"Swiss Poker League\"},\"image\":{\"@id\":\"https:\\\/\\\/www.pokerleague.ch\\\/de\\\/#\\\/schema\\\/logo\\\/image\\\/\"},\"sameAs\":[\"https:\\\/\\\/www.facebook.com\\\/SwissPokerLeague\"]}]}<\/script>\n<!-- \/ Yoast SEO plugin. -->","yoast_head_json":{"title":"[:fr]R\u00e8glement[:de]Regeln[:it]Regolamento[:] - Swiss Poker League","robots":{"index":"index","follow":"follow","max-snippet":"max-snippet:-1","max-image-preview":"max-image-preview:large","max-video-preview":"max-video-preview:-1"},"canonical":"https:\/\/www.pokerleague.ch\/rules-poker\/","og_locale":"it_IT","og_type":"article","og_title":"[:fr]R\u00e8glement[:de]Regeln[:it]Regolamento[:] - Swiss Poker League","og_description":"Condizioni di partecipazione (regolamento) al Campionato Svizzero online di Poker Texas Hold\u2019em Sono ammessi al torneo giocatori maggiorenni ai sensi della legge svizzera (maggiori di 18 anni). \u00c8 requisito necessario essere residenti in Svizzera. I tornei sono gratuiti e si svolgono esclusivamente su Internet tramite un programma gratuito di poker online. I tornei sono riservati &hellip; Continue reading &quot;Regolamento&quot;","og_url":"https:\/\/www.pokerleague.ch\/rules-poker\/","og_site_name":"Swiss Poker League","article_publisher":"https:\/\/www.facebook.com\/SwissPokerLeague","article_modified_time":"2021-06-22T07:21:56+00:00","twitter_card":"summary_large_image","twitter_misc":{"Tempo di lettura stimato":"7 minuti"},"schema":{"@context":"https:\/\/schema.org","@graph":[{"@type":"WebPage","@id":"https:\/\/www.pokerleague.ch\/rules-poker\/","url":"https:\/\/www.pokerleague.ch\/rules-poker\/","name":"[:fr]R\u00e8glement[:de]Regeln[:it]Regolamento[:] - Swiss Poker League","isPartOf":{"@id":"https:\/\/www.pokerleague.ch\/de\/#website"},"datePublished":"2017-03-15T17:11:23+00:00","dateModified":"2021-06-22T07:21:56+00:00","breadcrumb":{"@id":"https:\/\/www.pokerleague.ch\/rules-poker\/#breadcrumb"},"inLanguage":"it-IT","potentialAction":[{"@type":"ReadAction","target":["https:\/\/www.pokerleague.ch\/rules-poker\/"]}]},{"@type":"BreadcrumbList","@id":"https:\/\/www.pokerleague.ch\/rules-poker\/#breadcrumb","itemListElement":[{"@type":"ListItem","position":1,"name":"Accueil","item":"https:\/\/www.pokerleague.ch\/"},{"@type":"ListItem","position":2,"name":"R\u00e8glement"}]},{"@type":"WebSite","@id":"https:\/\/www.pokerleague.ch\/de\/#website","url":"https:\/\/www.pokerleague.ch\/de\/","name":"Swiss Poker League","description":"(Fran\u00e7ais) Official Swiss Poker League website","publisher":{"@id":"https:\/\/www.pokerleague.ch\/de\/#organization"},"potentialAction":[{"@type":"SearchAction","target":{"@type":"EntryPoint","urlTemplate":"https:\/\/www.pokerleague.ch\/de\/?s={search_term_string}"},"query-input":{"@type":"PropertyValueSpecification","valueRequired":true,"valueName":"search_term_string"}}],"inLanguage":"it-IT"},{"@type":"Organization","@id":"https:\/\/www.pokerleague.ch\/de\/#organization","name":"Swiss Poker League","url":"https:\/\/www.pokerleague.ch\/de\/","logo":{"@type":"ImageObject","inLanguage":"it-IT","@id":"https:\/\/www.pokerleague.ch\/de\/#\/schema\/logo\/image\/","url":"https:\/\/www.pokerleague.ch\/wp-content\/uploads\/2016\/12\/poker-signs-1.jpg","contentUrl":"https:\/\/www.pokerleague.ch\/wp-content\/uploads\/2016\/12\/poker-signs-1.jpg","width":1500,"height":1000,"caption":"Swiss Poker League"},"image":{"@id":"https:\/\/www.pokerleague.ch\/de\/#\/schema\/logo\/image\/"},"sameAs":["https:\/\/www.facebook.com\/SwissPokerLeague"]}]}},"_links":{"self":[{"href":"https:\/\/www.pokerleague.ch\/it\/wp-json\/wp\/v2\/pages\/348","targetHints":{"allow":["GET"]}}],"collection":[{"href":"https:\/\/www.pokerleague.ch\/it\/wp-json\/wp\/v2\/pages"}],"about":[{"href":"https:\/\/www.pokerleague.ch\/it\/wp-json\/wp\/v2\/types\/page"}],"author":[{"embeddable":true,"href":"https:\/\/www.pokerleague.ch\/it\/wp-json\/wp\/v2\/users\/1"}],"replies":[{"embeddable":true,"href":"https:\/\/www.pokerleague.ch\/it\/wp-json\/wp\/v2\/comments?post=348"}],"version-history":[{"count":0,"href":"https:\/\/www.pokerleague.ch\/it\/wp-json\/wp\/v2\/pages\/348\/revisions"}],"wp:attachment":[{"href":"https:\/\/www.pokerleague.ch\/it\/wp-json\/wp\/v2\/media?parent=348"}],"curies":[{"name":"wp","href":"https:\/\/api.w.org\/{rel}","templated":true}]}}